{"id":1853,"date":"2016-01-18T08:51:37","date_gmt":"2016-01-18T08:51:37","guid":{"rendered":"http:\/\/academiawp.demo.themexpert.com\/?page_id=1853"},"modified":"2024-02-29T15:31:32","modified_gmt":"2024-02-29T12:31:32","slug":"home","status":"publish","type":"page","link":"https:\/\/scoalahenderson.ro\/","title":{"rendered":"Home Cartea de vizit\u0103 \u0218coala Henderson Sibiu"},"content":{"rendered":"\t\t<div data-elementor-type=\"wp-page\" data-elementor-id=\"1853\" class=\"elementor elementor-1853\">\n\t\t\t\t\t\t\t\t\t<section class=\"elementor-section elementor-top-section elementor-element elementor-element-3f6d68c4 elementor-section-boxed elementor-section-height-default elementor-section-height-default\" data-id=\"3f6d68c4\" data-element_type=\"section\">\n\t\t\t\t\t\t<div class=\"elementor-container elementor-column-gap-default\">\n\t\t\t\t\t<div class=\"elementor-column elementor-col-100 elementor-top-column elementor-element elementor-element-5c6fdcf5\" data-id=\"5c6fdcf5\" data-element_type=\"column\">\n\t\t\t<div class=\"elementor-widget-wrap elementor-element-populated\">\n\t\t\t\t\t\t\t\t<div class=\"elementor-element elementor-element-6a28d242 elementor-widget elementor-widget-text-editor\" data-id=\"6a28d242\" data-element_type=\"widget\" data-widget_type=\"text-editor.default\">\n\t\t\t\t<div class=\"elementor-widget-container\">\n\t\t\t<style>\/*! elementor - v3.6.0 - 21-03-2022 *\/\n.elementor-widget-text-editor.elementor-drop-cap-view-stacked .elementor-drop-cap{background-color:#818a91;color:#fff}.elementor-widget-text-editor.elementor-drop-cap-view-framed .elementor-drop-cap{color:#818a91;border:3px solid;background-color:transparent}.elementor-widget-text-editor:not(.elementor-drop-cap-view-default) .elementor-drop-cap{margin-top:8px}.elementor-widget-text-editor:not(.elementor-drop-cap-view-default) .elementor-drop-cap-letter{width:1em;height:1em}.elementor-widget-text-editor .elementor-drop-cap{float:left;text-align:center;line-height:1;font-size:50px}.elementor-widget-text-editor .elementor-drop-cap-letter{display:inline-block}<\/style>\t\t\t\t<h1>[vc_row full_width=&#8221;stretch_row&#8221; css=&#8221;.vc_custom_1499325848046{background-color: #ffffff !important;}&#8221; el_id=&#8221;home-right-bg&#8221;][vc_column width=&#8221;3\/4&#8243;][vc_images_carousel images=&#8221;58023,2208,2206,2213&#8243; img_size=&#8221;large&#8221; onclick=&#8221;link_no&#8221; speed=&#8221;7000&#8243; slides_per_view=&#8221;2&#8243; autoplay=&#8221;yes&#8221; hide_pagination_control=&#8221;yes&#8221; hide_prev_next_buttons=&#8221;yes&#8221; partial_view=&#8221;yes&#8221; wrap=&#8221;yes&#8221; css=&#8221;.vc_custom_1647776850452{background-color: #ffffff !important;}&#8221;][vc_column_text css_animation=&#8221;right-to-left&#8221;][\/vc_column_text][vc_wp_posts number=&#8221;5&#8243;][\/vc_column][\/vc_row][vc_row][vc_column][\/vc_column][\/vc_row][vc_row][vc_column][\/vc_column][\/vc_row][vc_row][vc_column][\/vc_column][\/vc_row]<\/h1>\n<p><!-- wp:paragraph --><\/p>\n<p><strong>\u00a0 \u00a0\u0218coala Henderson ajut\u0103 oamenii s\u0103 dob\u00e2ndeasc\u0103 noi moduri de g\u00e2ndire, care s\u0103 le serveasc\u0103 la atingerea obiectivelor personale \u0219i profesionale.<\/strong><\/p>\n<p><strong>\u00a0 \u00a0&#8221;A \u00eenv\u0103\u021ba cum s\u0103 \u00eenve\u021bi, este cea mai important\u0103 deprindere din via\u021b\u0103&#8221;\u00a0<\/strong><strong style=\"color: var( --e-global-color-text ); font-family: var( --e-global-typography-text-font-family ), Sans-serif;\">\u00a0Comenius<\/strong><\/p>\n<p><!-- \/wp:paragraph --><\/p>\n<p><!-- wp:paragraph --><\/p>\n<p><!-- \/wp:paragraph --><\/p>\n<p><!-- wp:paragraph --><\/p>\n<p><strong>\u00a0 \u00a0\u0218coala Henderson este locul care ofer\u0103 sprijin tinerilor pentru a-\u0219i descoperi \u0219i cultiva pasiunile, pentru a deveni adul\u021bi responsabili, puternici \u0219i creativi.<\/strong><\/p>\n<p><!-- \/wp:paragraph --><\/p>\n<p><!-- wp:paragraph --><\/p>\n<p><!-- \/wp:paragraph --><\/p>\n<p><!-- wp:paragraph --><\/p>\n<p><strong>\u00a0 \u00a0Te invit s\u0103 descifr\u0103m \u00eempreun\u0103 tainele \u0219tiin\u021bei vie\u021bii printr-o abordare logic\u0103, sistematizat\u0103, cu explica\u021bii clare a tematicii la disciplina Biologie, pentru preg\u0103tirea\u00a0 Examenului de Bacalaureat!\u00a0<\/strong><\/p>\n<p><!-- \/wp:paragraph --><\/p>\n<p><!-- wp:paragraph --><\/p>\n<p><!-- \/wp:paragraph --><\/p>\t\t\t\t\t\t<\/div>\n\t\t\t\t<\/div>\n\t\t\t\t\t<\/div>\n\t\t<\/div>\n\t\t\t\t\t\t\t<\/div>\n\t\t<\/section>\n\t\t\t\t\t\t\t<\/div>\n\t\t","protected":false},"excerpt":{"rendered":"<p>[vc_row full_width=&#8221;stretch_row&#8221; css=&#8221;.vc_custom_1499325848046{background-color: #ffffff !important;}&#8221; el_id=&#8221;home-right-bg&#8221;][vc_column width=&#8221;3\/4&#8243;][vc_images_carousel images=&#8221;58023,2208,2206,2213&#8243; img_size=&#8221;large&#8221; onclick=&#8221;link_no&#8221; speed=&#8221;7000&#8243; slides_per_view=&#8221;2&#8243; autoplay=&#8221;yes&#8221; hide_pagination_control=&#8221;yes&#8221; hide_prev_next_buttons=&#8221;yes&#8221; partial_view=&#8221;yes&#8221; wrap=&#8221;yes&#8221; css=&#8221;.vc_custom_1647776850452{background-color: #ffffff !important;}&#8221;][vc_column_text [&hellip;]<\/p>\n","protected":false},"author":1,"featured_media":0,"parent":0,"menu_order":0,"comment_status":"closed","ping_status":"closed","template":"","meta":{"om_disable_all_campaigns":false,"_monsterinsights_skip_tracking":false,"_monsterinsights_sitenote_active":false,"_monsterinsights_sitenote_note":"","_monsterinsights_sitenote_category":0,"ngg_post_thumbnail":0,"footnotes":""},"aioseo_notices":[],"_links":{"self":[{"href":"https:\/\/scoalahenderson.ro\/index.php\/wp-json\/wp\/v2\/pages\/1853"}],"collection":[{"href":"https:\/\/scoalahenderson.ro\/index.php\/wp-json\/wp\/v2\/pages"}],"about":[{"href":"https:\/\/scoalahenderson.ro\/index.php\/wp-json\/wp\/v2\/types\/page"}],"author":[{"embeddable":true,"href":"https:\/\/scoalahenderson.ro\/index.php\/wp-json\/wp\/v2\/users\/1"}],"replies":[{"embeddable":true,"href":"https:\/\/scoalahenderson.ro\/index.php\/wp-json\/wp\/v2\/comments?post=1853"}],"version-history":[{"count":309,"href":"https:\/\/scoalahenderson.ro\/index.php\/wp-json\/wp\/v2\/pages\/1853\/revisions"}],"predecessor-version":[{"id":58581,"href":"https:\/\/scoalahenderson.ro\/index.php\/wp-json\/wp\/v2\/pages\/1853\/revisions\/58581"}],"wp:attachment":[{"href":"https:\/\/scoalahenderson.ro\/index.php\/wp-json\/wp\/v2\/media?parent=1853"}],"curies":[{"name":"wp","href":"https:\/\/api.w.org\/{rel}","templated":true}]}}